{"id":70,"date":"2019-12-04T12:38:42","date_gmt":"2019-12-04T12:38:42","guid":{"rendered":"http:\/\/wordpress.vdstransport.blkzl.nl\/?page_id=70"},"modified":"2022-05-24T13:49:12","modified_gmt":"2022-05-24T11:49:12","slug":"ons-team-2","status":"publish","type":"page","link":"https:\/\/www.lcmexpeditie.nl\/de\/ons-team-2\/","title":{"rendered":"Unser Team"},"content":{"rendered":"<p><img decoding=\"async\" src=\"wp-content\/uploads\/2020\/11\/ons-team-hoofdfoto-scaled.jpg\" alt=\"\"><\/p>\n<h1>Unser Team<\/h1>\n<div>\n<p>Hier sehen Sie die verschiedenen Teammitglieder und deren \u00c4mter.<br \/>Dar\u00fcber hinaus kann Van der Sluis Transport nicht auf all die begeisterten Fahrer verzichten, die sich jeden Tag f\u00fcr dieses Unternehmen engagieren!<\/p>\n<\/div>\n<ul>\n<li>\n<p>        <img decoding=\"async\" src=\"wp-content\/uploads\/2020\/10\/web_HDJFotografie_no_logo_2020-8-of-91.jpg\" alt=\"\"><\/p>\n<h2>Warner van der Sluis<\/h2>\n<p>Direktor<\/p>\n<div>\n<p><a href=\"mailto:warner@lcmexpeditie.nl\">warner@lcmexpeditie.nl<\/a><br \/>+31 522 4439 25<\/p>\n<\/div>\n<\/li>\n<li>\n<p>        <img decoding=\"async\" src=\"wp-content\/uploads\/2020\/10\/web_HDJFotografie_no_logo_2020-51-of-91.jpg\" alt=\"\"><\/p>\n<h2>Niels van der Sluis<\/h2>\n<p>Direktor<\/p>\n<div>\n<p><a href=\"mailto:niels@lcmexpeditie.nl\">niels@lcmexpeditie.nl<\/a><br \/>+31 522 4439 45<\/p>\n<\/div>\n<\/li>\n<li>\n<p>        <img decoding=\"async\" src=\"wp-content\/uploads\/2021\/06\/web_HDJFotografie_no_logo_2020-39-of-91.jpg\" alt=\"\"><\/p>\n<h2>Geert Altena<\/h2>\n<p>Planer export<\/p>\n<div>\n<p><a href=\"mailto:geert@lcmexpeditie.nl\">geert@lcmexpeditie.nl<\/a><br \/>+31 522 4439 23<\/p>\n<\/div>\n<\/li>\n<li>\n<p>        <img decoding=\"async\" src=\"wp-content\/uploads\/2021\/06\/web_HDJFotografie_no_logo_2020-6-of-16.jpg\" alt=\"\"><\/p>\n<h2>Ronald Norg <\/h2>\n<p>Planer export<\/p>\n<div>\n<p><a href=\"mailto:ronald@lcmexpeditie.nl\">ronald@lcmexpeditie.nl<\/a><br \/>+31 522 4439 24<\/p>\n<\/div>\n<\/li>\n<li>\n<p>        <img decoding=\"async\" src=\"wp-content\/uploads\/2021\/06\/web_HDJFotografie_no_logo_2020-47-of-91.jpg\" alt=\"\"><\/p>\n<h2>Daan van den Berg<\/h2>\n<p>Planer import<\/p>\n<div>\n<p><a href=\"mailto:daan@lcmexpeditie.nl\">daan@lcmexpeditie.nl<\/a><br \/>+31 522 4439 21<\/p>\n<\/div>\n<\/li>\n<li>\n<p>        <img decoding=\"async\" src=\"wp-content\/uploads\/sites\/6\/2022\/03\/Bram-portret-website.jpg\" alt=\"\"><\/p>\n<h2>Bram Pekel<\/h2>\n<p>Planer import<\/p>\n<div>\n<p><a href=\"mailto:bram@lcmexpeditie.nl\">bram@lcmexpeditie.nl<\/a><br \/>+31 522 4439 30<\/p>\n<\/div>\n<\/li>\n<li>\n<p>        <img decoding=\"async\" src=\"wp-content\/uploads\/2021\/03\/web_HDJFotografie_no_logo_2020-27-of-91.jpg\" alt=\"\"><\/p>\n<h2>Leander van den Berg<\/h2>\n<p>Spediteur<\/p>\n<div>\n<p><a href=\"mailto:leander@lcmexpeditie.nl\">leander@lcmexpeditie.nl<\/a><br \/>+31 522 4439 26<\/p>\n<\/div>\n<\/li>\n<li>\n<p>        <img decoding=\"async\" src=\"wp-content\/uploads\/2020\/10\/web_HDJFotografie_no_logo_2020-31-of-91.jpg\" alt=\"\"><\/p>\n<h2>Christine Mos<\/h2>\n<p>Finanzverwaltung<\/p>\n<div>\n<p><a href=\"mailto:christine@lcmexpeditie.nl\">christine@lcmexpeditie.nl<\/a><br \/>+31 522 4439 35<\/p>\n<\/div>\n<\/li>\n<li>\n<p>        <img decoding=\"async\" src=\"wp-content\/uploads\/2020\/10\/web_HDJFotografie_no_logo_2020-16-of-16.jpg\" alt=\"\"><\/p>\n<h2>Melanie Kolk<\/h2>\n<p>Verwaltung<\/p>\n<div>\n<p><a href=\"mailto:administratie@lcmexpeditie.nl\">administratie@lcmexpeditie.nl<\/a><br \/>+31 522 4439 27<\/p>\n<\/div>\n<\/li>\n<li>\n<p>        <img decoding=\"async\" src=\"wp-content\/uploads\/2021\/06\/web_HDJFotografie_no_logo_2020-21-of-91.jpg\" alt=\"\"><\/p>\n<h2>Marie Danielsson<\/h2>\n<p>Abrechnung<\/p>\n<div>\n<p><a href=\"mailto:marie@lcmexpeditie.nl\">marie@lcmexpeditie.nl<\/a><br \/>+31 522 4439 39<\/p>\n<\/div>\n<\/li>\n<\/ul>\n<p><!-- {\"name\":\"Team\",\"type\":\"layout\",\"children\":[{\"name\":\"Hero\",\"type\":\"section\",\"props\":{\"style\":\"default\",\"width\":\"\",\"vertical_align\":\"middle\",\"title_position\":\"top-left\",\"title_rotation\":\"left\",\"title_breakpoint\":\"xl\",\"image_position\":\"center-center\",\"height\":\"\",\"padding\":\"none\",\"header_transparent\":\"\",\"animation\":\"\",\"image\":\"\",\"text_color\":\"\",\"image_size\":\"\",\"image_effect\":\"\",\"image_visibility\":\"\",\"media_blend_mode\":\"\",\"css\":\".el-section > [class*='uk-background-'] {\\n    min-height: 40vh;\\n}\"},\"children\":[{\"name\":\"\",\"type\":\"row\",\"props\":{\"fixed_width\":\"large\",\"breakpoint\":\"m\",\"layout\":\"1-1\"},\"children\":[{\"name\":\"\",\"type\":\"column\",\"props\":{\"image_position\":\"center-center\",\"media_overlay_gradient\":\"\"},\"children\":[{\"name\":\"\",\"type\":\"image\",\"props\":{\"margin\":\"default\",\"link_target\":\"\",\"image_border\":\"\",\"image_box_shadow\":\"\",\"image_hover_box_shadow\":\"\",\"text_align\":\"\",\"text_align_breakpoint\":\"\",\"text_align_fallback\":\"\",\"maxwidth\":\"\",\"maxwidth_breakpoint\":\"\",\"animation\":\"\",\"visibility\":\"\",\"image\":\"wp-content\\\/uploads\\\/2020\\\/11\\\/ons-team-hoofdfoto-scaled.jpg\",\"image_width\":\"2560\",\"block_align\":\"\",\"image_svg_color\":\"emphasis\",\"image_box_decoration\":\"\",\"position\":\"\",\"position_z_index\":\"\",\"block_align_breakpoint\":\"\",\"block_align_fallback\":\"\",\"link\":\"\",\"image_height\":\"800\"}}]}]}]},{\"name\":\"Team\",\"type\":\"section\",\"props\":{\"style\":\"default\",\"width\":\"large\",\"vertical_align\":\"middle\",\"title_position\":\"top-left\",\"title_rotation\":\"left\",\"title_breakpoint\":\"xl\",\"image_position\":\"center-center\",\"height\":\"\",\"padding\":\"large\",\"header_transparent\":\"\",\"animation\":\"\",\"image_effect\":\"\"},\"children\":[{\"name\":\"\",\"type\":\"row\",\"props\":{\"fixed_width\":\"large\",\"breakpoint\":\"m\",\"layout\":\"1-1\",\"width\":\"\",\"margin\":\"\",\"column_gap\":\"\",\"row_gap\":\"\"},\"children\":[{\"name\":\"\",\"type\":\"column\",\"props\":{\"image_position\":\"center-center\",\"media_overlay_gradient\":\"\"},\"children\":[{\"name\":\"\",\"type\":\"headline\",\"props\":{\"title_element\":\"h1\",\"title_style\":\"heading-small\",\"title_decoration\":\"line\",\"title_color\":\"\",\"text_align\":\"center\",\"text_align_breakpoint\":\"\",\"text_align_fallback\":\"\",\"maxwidth\":\"\",\"maxwidth_breakpoint\":\"\",\"margin\":\"\",\"animation\":\"\",\"visibility\":\"\",\"content\":\"Unser Team\",\"block_align\":\"\",\"title_font_family\":\"\",\"position\":\"\",\"position_z_index\":\"\",\"block_align_breakpoint\":\"\",\"block_align_fallback\":\"\"}},{\"name\":\"\",\"type\":\"text\",\"props\":{\"margin\":\"medium\",\"column_breakpoint\":\"m\",\"text_style\":\"\",\"text_color\":\"\",\"text_size\":\"large\",\"column\":\"\",\"text_align\":\"center\",\"text_align_breakpoint\":\"\",\"text_align_fallback\":\"\",\"maxwidth\":\"xxlarge\",\"maxwidth_breakpoint\":\"\",\"animation\":\"\",\"visibility\":\"\",\"content\":\"\n\n<p>Hier sehen Sie die verschiedenen Teammitglieder und deren \\u00c4mter.<br \\\/>Dar\\u00fcber hinaus kann Van der Sluis Transport nicht auf all die begeisterten Fahrer verzichten, die sich jeden Tag f\\u00fcr dieses Unternehmen engagieren!<\\\/p>\",\"block_align\":\"center\",\"position\":\"\",\"position_z_index\":\"\",\"block_align_breakpoint\":\"\",\"block_align_fallback\":\"\"}},{\"name\":\"\",\"type\":\"grid\",\"props\":{\"show_title\":true,\"show_meta\":true,\"show_content\":true,\"show_image\":true,\"show_link\":true,\"grid_default\":\"1\",\"grid_medium\":\"3\",\"filter_style\":\"tab\",\"filter_all\":true,\"filter_position\":\"top\",\"filter_align\":\"left\",\"filter_grid_width\":\"auto\",\"title_element\":\"h2\",\"meta_style\":\"\",\"meta_align\":\"below-title\",\"icon_ratio\":4,\"image_align\":\"top\",\"image_grid_width\":\"1-2\",\"link_text\":\"Read more\",\"link_style\":\"default\",\"margin\":\"large\",\"grid_small\":\"2\",\"grid_large\":\"4\",\"grid_xlarge\":\"\",\"filter_margin\":\"\",\"title_display\":\"\",\"content_display\":\"\",\"panel_style\":\"\",\"panel_size\":\"\",\"title_style\":\"h4\",\"title_decoration\":\"\",\"title_color\":\"\",\"meta_margin\":\"remove\",\"content_style\":\"\",\"image_border\":\"\",\"image_box_shadow\":\"\",\"image_hover_box_shadow\":\"\",\"icon_color\":\"\",\"link_size\":\"\",\"text_align\":\"\",\"text_align_breakpoint\":\"\",\"text_align_fallback\":\"\",\"item_maxwidth\":\"\",\"item_animation\":\"\",\"visibility\":\"\",\"image_width\":\"440\",\"title_hover_style\":\"reset\",\"title_align\":\"top\",\"title_grid_width\":\"1-2\",\"image_svg_color\":\"emphasis\",\"panel_content_padding\":\"\",\"title_font_family\":\"\",\"title_margin\":\"\",\"meta_color\":\"\",\"content_margin\":\"\",\"image_transition\":\"\",\"image_box_decoration\":\"\",\"image_margin\":\"\",\"link_type\":\"\",\"link_margin\":\"\",\"position\":\"\",\"position_z_index\":\"\",\"maxwidth\":\"\",\"maxwidth_breakpoint\":\"\",\"block_align\":\"\",\"block_align_breakpoint\":\"\",\"block_align_fallback\":\"\",\"grid_column_gap\":\"\",\"grid_row_gap\":\"\",\"filter_grid_column_gap\":\"\",\"filter_grid_row_gap\":\"\",\"filter_grid_breakpoint\":\"m\",\"title_grid_column_gap\":\"\",\"title_grid_row_gap\":\"\",\"title_grid_breakpoint\":\"m\",\"image_grid_column_gap\":\"\",\"image_grid_row_gap\":\"\",\"image_grid_breakpoint\":\"m\"},\"children\":[{\"name\":\"\",\"type\":\"grid_item\",\"props\":{\"image\":\"wp-content\\\/uploads\\\/2020\\\/10\\\/web_HDJFotografie_no_logo_2020-8-of-91.jpg\",\"title\":\"Warner van der Sluis\",\"meta\":\"Direktor\",\"content\":\"\n\n<p><a href=\\\"mailto:warner@lcmexpeditie.nl\\\">warner@lcmexpeditie.nl<\\\/a><br \\\/>+31 522 4439 25<\\\/p>\"}},{\"name\":\"\",\"type\":\"grid_item\",\"props\":{\"image\":\"wp-content\\\/uploads\\\/2020\\\/10\\\/web_HDJFotografie_no_logo_2020-51-of-91.jpg\",\"title\":\"Niels van der Sluis\",\"meta\":\"Direktor\",\"content\":\"\n\n<p><a href=\\\"mailto:niels@lcmexpeditie.nl\\\">niels@lcmexpeditie.nl<\\\/a><br \\\/>+31 522 4439 45<\\\/p>\"}},{\"name\":\"\",\"type\":\"grid_item\",\"props\":{\"image\":\"wp-content\\\/uploads\\\/2021\\\/06\\\/web_HDJFotografie_no_logo_2020-39-of-91.jpg\",\"title\":\"Geert Altena\",\"meta\":\"Planer export\",\"content\":\"\n\n<p><a href=\\\"mailto:geert@lcmexpeditie.nl\\\">geert@lcmexpeditie.nl<\\\/a><br \\\/>+31 522 4439 23<\\\/p>\"}},{\"name\":\"\",\"type\":\"grid_item\",\"props\":{\"image\":\"wp-content\\\/uploads\\\/2021\\\/06\\\/web_HDJFotografie_no_logo_2020-6-of-16.jpg\",\"title\":\"Ronald Norg \",\"meta\":\"Planer export\",\"content\":\"\n\n<p><a href=\\\"mailto:ronald@lcmexpeditie.nl\\\">ronald@lcmexpeditie.nl<\\\/a><br \\\/>+31 522 4439 24<\\\/p>\"}},{\"type\":\"grid_item\",\"props\":{\"title\":\"Daan van den Berg\",\"meta\":\"Planer import\",\"content\":\"\n\n<p><a href=\\\"mailto:daan@lcmexpeditie.nl\\\">daan@lcmexpeditie.nl<\\\/a><br \\\/>+31 522 4439 21<\\\/p>\",\"image\":\"wp-content\\\/uploads\\\/2021\\\/06\\\/web_HDJFotografie_no_logo_2020-47-of-91.jpg\"}},{\"type\":\"grid_item\",\"props\":{\"title\":\"Bram Pekel\",\"meta\":\"Planer import\",\"image\":\"wp-content\\\/uploads\\\/sites\\\/6\\\/2022\\\/03\\\/Bram-portret-website.jpg\",\"content\":\"\n\n<p><a href=\\\"mailto:bram@lcmexpeditie.nl\\\">bram@lcmexpeditie.nl<\\\/a><br \\\/>+31 522 4439 30<\\\/p>\"}},{\"type\":\"grid_item\",\"props\":{\"title\":\"Leander van den Berg\",\"content\":\"\n\n<p><a href=\\\"mailto:leander@lcmexpeditie.nl\\\">leander@lcmexpeditie.nl<\\\/a><br \\\/>+31 522 4439 26<\\\/p>\",\"image\":\"wp-content\\\/uploads\\\/2021\\\/03\\\/web_HDJFotografie_no_logo_2020-27-of-91.jpg\",\"meta\":\"Spediteur\"}},{\"name\":\"\",\"type\":\"grid_item\",\"props\":{\"image\":\"wp-content\\\/uploads\\\/2020\\\/10\\\/web_HDJFotografie_no_logo_2020-31-of-91.jpg\",\"title\":\"Christine Mos\",\"meta\":\"Finanzverwaltung\",\"content\":\"\n\n<p><a href=\\\"mailto:christine@lcmexpeditie.nl\\\">christine@lcmexpeditie.nl<\\\/a><br \\\/>+31 522 4439 35<\\\/p>\"}},{\"name\":\"\",\"type\":\"grid_item\",\"props\":{\"image\":\"wp-content\\\/uploads\\\/2020\\\/10\\\/web_HDJFotografie_no_logo_2020-16-of-16.jpg\",\"title\":\"Melanie Kolk\",\"meta\":\"Verwaltung\",\"content\":\"\n\n<p><a href=\\\"mailto:administratie@lcmexpeditie.nl\\\">administratie@lcmexpeditie.nl<\\\/a><br \\\/>+31 522 4439 27<\\\/p>\"}},{\"name\":\"\",\"type\":\"grid_item\",\"props\":{\"image\":\"wp-content\\\/uploads\\\/2021\\\/06\\\/web_HDJFotografie_no_logo_2020-21-of-91.jpg\",\"title\":\"Marie Danielsson\",\"meta\":\"Abrechnung\",\"content\":\"\n\n<p><a href=\\\"mailto:marie@lcmexpeditie.nl\\\">marie@lcmexpeditie.nl<\\\/a><br \\\/>+31 522 4439 39<\\\/p>\"}}]}]}]}]}],\"version\":\"1.22.8\",\"props\":[]} --><\/p>\n","protected":false},"excerpt":{"rendered":"<p>Unser Team Hier sehen Sie die verschiedenen Teammitglieder und deren \u00c4mter.Dar\u00fcber hinaus kann Van der Sluis Transport nicht auf all die begeisterten Fahrer verzichten, die sich jeden Tag f\u00fcr dieses Unternehmen engagieren! Warner van der Sluis Direktor warner@lcmexpeditie.nl+31 522 4439 25 Niels van der Sluis Direktor niels@lcmexpeditie.nl+31 522 4439 45 Geert Altena Planer export geert@lcmexpeditie.nl+31 [&hellip;]<\/p>\n","protected":false},"author":1,"featured_media":0,"parent":0,"menu_order":0,"comment_status":"closed","ping_status":"closed","template":"","meta":[],"yoast_head":"<!-- This site is optimized with the Yoast SEO plugin v20.1 - https:\/\/yoast.com\/wordpress\/plugins\/seo\/ -->\n<title>Unser Team - LCM (DE)<\/title>\n<meta name=\"robots\" content=\"noindex, follow, max-snippet:-1, max-image-preview:large, max-video-preview:-1\" \/>\n<meta property=\"og:locale\" content=\"nl_NL\" \/>\n<meta property=\"og:type\" content=\"article\" \/>\n<meta property=\"og:title\" content=\"Unser Team - LCM (DE)\" \/>\n<meta property=\"og:description\" content=\"Unser Team Hier sehen Sie die verschiedenen Teammitglieder und deren \u00c4mter.Dar\u00fcber hinaus kann Van der Sluis Transport nicht auf all die begeisterten Fahrer verzichten, die sich jeden Tag f\u00fcr dieses Unternehmen engagieren! Warner van der Sluis Direktor warner@lcmexpeditie.nl+31 522 4439 25 Niels van der Sluis Direktor niels@lcmexpeditie.nl+31 522 4439 45 Geert Altena Planer export geert@lcmexpeditie.nl+31 [&hellip;]\" \/>\n<meta property=\"og:url\" content=\"https:\/\/www.lcmexpeditie.nl\/de\/ons-team-2\/\" \/>\n<meta property=\"og:site_name\" content=\"LCM (DE)\" \/>\n<meta property=\"article:modified_time\" content=\"2022-05-24T11:49:12+00:00\" \/>\n<meta name=\"twitter:card\" content=\"summary_large_image\" \/>\n<meta name=\"twitter:label1\" content=\"Geschatte leestijd\" \/>\n\t<meta name=\"twitter:data1\" content=\"1 minuut\" \/>\n<script type=\"application\/ld+json\" class=\"yoast-schema-graph\">{\"@context\":\"https:\/\/schema.org\",\"@graph\":[{\"@type\":\"WebPage\",\"@id\":\"https:\/\/www.lcmexpeditie.nl\/de\/ons-team-2\/\",\"url\":\"https:\/\/www.lcmexpeditie.nl\/de\/ons-team-2\/\",\"name\":\"Unser Team - LCM (DE)\",\"isPartOf\":{\"@id\":\"https:\/\/www.lcmexpeditie.nl\/de\/#website\"},\"datePublished\":\"2019-12-04T12:38:42+00:00\",\"dateModified\":\"2022-05-24T11:49:12+00:00\",\"inLanguage\":\"nl\",\"potentialAction\":[{\"@type\":\"ReadAction\",\"target\":[\"https:\/\/www.lcmexpeditie.nl\/de\/ons-team-2\/\"]}]},{\"@type\":\"WebSite\",\"@id\":\"https:\/\/www.lcmexpeditie.nl\/de\/#website\",\"url\":\"https:\/\/www.lcmexpeditie.nl\/de\/\",\"name\":\"LCM (DE)\",\"description\":\"\",\"potentialAction\":[{\"@type\":\"SearchAction\",\"target\":{\"@type\":\"EntryPoint\",\"urlTemplate\":\"https:\/\/www.lcmexpeditie.nl\/de\/?s={search_term_string}\"},\"query-input\":\"required name=search_term_string\"}],\"inLanguage\":\"nl\"}]}<\/script>\n<!-- \/ Yoast SEO plugin. -->","yoast_head_json":{"title":"Unser Team - LCM (DE)","robots":{"index":"noindex","follow":"follow","max-snippet":"max-snippet:-1","max-image-preview":"max-image-preview:large","max-video-preview":"max-video-preview:-1"},"og_locale":"nl_NL","og_type":"article","og_title":"Unser Team - LCM (DE)","og_description":"Unser Team Hier sehen Sie die verschiedenen Teammitglieder und deren \u00c4mter.Dar\u00fcber hinaus kann Van der Sluis Transport nicht auf all die begeisterten Fahrer verzichten, die sich jeden Tag f\u00fcr dieses Unternehmen engagieren! Warner van der Sluis Direktor warner@lcmexpeditie.nl+31 522 4439 25 Niels van der Sluis Direktor niels@lcmexpeditie.nl+31 522 4439 45 Geert Altena Planer export geert@lcmexpeditie.nl+31 [&hellip;]","og_url":"https:\/\/www.lcmexpeditie.nl\/de\/ons-team-2\/","og_site_name":"LCM (DE)","article_modified_time":"2022-05-24T11:49:12+00:00","twitter_card":"summary_large_image","twitter_misc":{"Geschatte leestijd":"1 minuut"},"schema":{"@context":"https:\/\/schema.org","@graph":[{"@type":"WebPage","@id":"https:\/\/www.lcmexpeditie.nl\/de\/ons-team-2\/","url":"https:\/\/www.lcmexpeditie.nl\/de\/ons-team-2\/","name":"Unser Team - LCM (DE)","isPartOf":{"@id":"https:\/\/www.lcmexpeditie.nl\/de\/#website"},"datePublished":"2019-12-04T12:38:42+00:00","dateModified":"2022-05-24T11:49:12+00:00","inLanguage":"nl","potentialAction":[{"@type":"ReadAction","target":["https:\/\/www.lcmexpeditie.nl\/de\/ons-team-2\/"]}]},{"@type":"WebSite","@id":"https:\/\/www.lcmexpeditie.nl\/de\/#website","url":"https:\/\/www.lcmexpeditie.nl\/de\/","name":"LCM (DE)","description":"","potentialAction":[{"@type":"SearchAction","target":{"@type":"EntryPoint","urlTemplate":"https:\/\/www.lcmexpeditie.nl\/de\/?s={search_term_string}"},"query-input":"required name=search_term_string"}],"inLanguage":"nl"}]}},"_links":{"self":[{"href":"https:\/\/www.lcmexpeditie.nl\/de\/wp-json\/wp\/v2\/pages\/70"}],"collection":[{"href":"https:\/\/www.lcmexpeditie.nl\/de\/wp-json\/wp\/v2\/pages"}],"about":[{"href":"https:\/\/www.lcmexpeditie.nl\/de\/wp-json\/wp\/v2\/types\/page"}],"author":[{"embeddable":true,"href":"https:\/\/www.lcmexpeditie.nl\/de\/wp-json\/wp\/v2\/users\/1"}],"replies":[{"embeddable":true,"href":"https:\/\/www.lcmexpeditie.nl\/de\/wp-json\/wp\/v2\/comments?post=70"}],"version-history":[{"count":91,"href":"https:\/\/www.lcmexpeditie.nl\/de\/wp-json\/wp\/v2\/pages\/70\/revisions"}],"predecessor-version":[{"id":1060,"href":"https:\/\/www.lcmexpeditie.nl\/de\/wp-json\/wp\/v2\/pages\/70\/revisions\/1060"}],"wp:attachment":[{"href":"https:\/\/www.lcmexpeditie.nl\/de\/wp-json\/wp\/v2\/media?parent=70"}],"curies":[{"name":"wp","href":"https:\/\/api.w.org\/{rel}","templated":true}]}}