{"id":2,"date":"2019-12-03T19:46:47","date_gmt":"2019-12-03T19:46:47","guid":{"rendered":"http:\/\/wordpress.lcmexpeditie.blkzl.nl\/?page_id=2"},"modified":"2021-10-20T12:07:16","modified_gmt":"2021-10-20T10:07:16","slug":"homepage","status":"publish","type":"page","link":"https:\/\/www.lcmexpeditie.nl\/de\/","title":{"rendered":"Homepage"},"content":{"rendered":"<ul>\n<li>\n<p>        <img decoding=\"async\" src=\"wp-content\/uploads\/2021\/06\/web_HDJFotografie_no_logo_2020-a.jpg\" alt=\"\"><\/p>\n<h3>Spezialisiert auf St\u00fcckgut- und Sammelguttransporte<\/h3>\n<p><a href=\"diensten\/\">Weiterlesen<\/a><\/p>\n<\/li>\n<li>\n<p>        <img decoding=\"async\" src=\"wp-content\/uploads\/2020\/10\/Slideshow-nr2.jpg\" alt=\"\"><\/p>\n<h3>F\u00fcr alle Ihre Transporte in ganz Europa <\/h3>\n<p><a href=\"diensten\/\">Weiterlesen<\/a><\/p>\n<\/li>\n<li>\n<p>        <img decoding=\"async\" src=\"wp-content\/uploads\/2021\/06\/web_HDJFotografie_no_logo_2020-.jpg\" alt=\"\"><\/p>\n<h3>Schneller service ohne qualit\u00e4tsverlust <\/h3>\n<p><a href=\"diensten\/\">Weiterlesen<\/a><\/p>\n<\/li>\n<\/ul>\n<h2>Herzlich willkommen bei LCM Expeditie<\/h2>\n<div>\n<p>Bei LCM Expeditie handelt es sich um ein internationales Transportunternehmen, das sich auf verschiedene Transportarten wie den Transport von St\u00fcckgut, Sammelgut und Komplettladungen konzentriert. Serviceorientierte und schnelle Dienstleistung sind hierbei die wichtigsten Grunds\u00e4tze. Gerne bieten wir unseren Service und unseren Sachverstand auch f\u00fcr vom Standardtransport abweichende Transport- und Logistikauftr\u00e4ge an. Unsere Planer denken \u201eout of the box\u201c und stellen sich gerne der Herausforderung, die von Ihnen gew\u00fcnschten Transporte zu realisieren.<br \/>Ein gro\u00dfer Teil unserer Arbeit besteht aus Transporten von und nach Skandinavien, aber Sie k\u00f6nnen uns auch mit Transporten in andere L\u00e4nder beauftragen. Hierbei pflegen wir eine enge Zusammenarbeit mit dem, ebenfalls in Rogat ans\u00e4ssigen, Unternehmen VDS Transport.<\/p>\n<p>LCM Expeditie nutzt einen eigenen Fuhrpark bestehend aus Tautlinern und Kofferaufliegern. Diese Fahrzeuge werden von begeisterten niederl\u00e4ndischen Fahrern und einigen festen Chartern, welche die Vorschriften und Qualit\u00e4tsanforderungen von LCM Expeditie erf\u00fcllen, gefahren. Alle Lastkraftwagen sind mit Bordcomputersystemen ausgestattet, sodass die Planer diese jederzeit orten und mit den Fahrern kommunizieren k\u00f6nnen.<\/p>\n<p>Da der Kunde bei LCM Expeditie an erster Stelle steht, haben exzellenter Service und eine hohe Transportqualit\u00e4t h\u00f6chste Priorit\u00e4t.<\/p>\n<p>Sie interessieren sich f\u00fcr die M\u00f6glichkeiten? Nehmen Sie <a href=\"http:\/\/wordpress.vdstransport.blkzl.nl\/contact\/\"><u>Kontakt<\/u><\/a> mit uns auf.<br \/>Wir werden Ihre E-Mail schnellstm\u00f6glich beantworten und unsere Planer stehen Ihnen jederzeit telefonisch zur Verf\u00fcgung.<\/p>\n<\/div>\n<p>\n    <a href=\"diensten\/\">Lesen Sie mehr \u00fcber unsere dienstleistungen<\/a>\n<\/p>\n<h3>Unsere m\u00f6glichkeiten<\/h3>\n<ul>\n<li>\n<p>        <img decoding=\"async\" src=\"wp-content\/uploads\/2021\/06\/lcm-13a.jpg\" alt=\"diensten\/#walkingfloor\"><\/p>\n<h3>D\u00e4nemark spezialist<\/h3>\n<p><a href=\"diensten\/#walkingfloor\">Read more<\/a><\/p>\n<\/li>\n<li>\n<p>        <img decoding=\"async\" src=\"wp-content\/uploads\/2021\/06\/lcm-2.jpg\" alt=\"diensten\/#containerauto\"><\/p>\n<h3>Schweden spezialist<\/h3>\n<p><a href=\"diensten\/#containerauto\">Read more<\/a><\/p>\n<\/li>\n<li>\n<p>        <img decoding=\"async\" src=\"wp-content\/uploads\/2021\/06\/Klaas-Bijker-Sollested-2a.jpg\" alt=\"diensten\/#tankauto\"><\/p>\n<h3>Expedition<\/h3>\n<p><a href=\"diensten\/#tankauto\">Read more<\/a><\/p>\n<\/li>\n<li>\n<p>        <img decoding=\"async\" src=\"wp-content\/uploads\/2021\/06\/Naamloos1.jpg\" alt=\"\"><\/p>\n<h3>An- und Umladung<\/h3>\n<p><a href=\"lcm-expeditie\/\">Read more<\/a><\/p>\n<\/li>\n<\/ul>\n<hr>\n<p><!-- {\"name\":\"Home 1\",\"type\":\"layout\",\"children\":[{\"name\":\"Hero\",\"type\":\"section\",\"props\":{\"style\":\"default\",\"width\":\"\",\"vertical_align\":\"middle\",\"title_position\":\"top-left\",\"title_rotation\":\"left\",\"title_breakpoint\":\"xl\",\"image_position\":\"center-center\",\"padding\":\"none\",\"animation\":\"\",\"image_effect\":\"\",\"text_color\":\"\",\"width_expand\":\"\",\"height\":\"\",\"header_transparent\":\"\"},\"children\":[{\"name\":\"\",\"type\":\"row\",\"props\":{\"fixed_width\":\"large\",\"breakpoint\":\"m\",\"layout\":\"1-1\"},\"children\":[{\"name\":\"\",\"type\":\"column\",\"props\":{\"image_position\":\"center-center\",\"media_overlay_gradient\":\"\"},\"children\":[{\"name\":\"\",\"type\":\"slideshow\",\"props\":{\"show_title\":true,\"show_meta\":true,\"show_content\":true,\"show_link\":true,\"show_thumbnail\":true,\"slideshow_min_height\":\"500\",\"slideshow_autoplay_pause\":true,\"nav\":\"dotnav\",\"nav_position\":\"bottom-center\",\"nav_position_margin\":\"medium\",\"nav_align\":\"center\",\"nav_breakpoint\":\"m\",\"thumbnav_width\":\"100\",\"thumbnav_height\":\"75\",\"slidenav\":\"\",\"slidenav_margin\":\"medium\",\"slidenav_breakpoint\":\"\",\"overlay_position\":\"top-left\",\"overlay_animation\":\"parallax\",\"title_element\":\"h3\",\"meta_style\":\"meta\",\"meta_align\":\"below-title\",\"link_text\":\"Lees meer\",\"link_style\":\"danger\",\"margin\":\"default\",\"slideshow_height\":\"percent\",\"text_color\":\"light\",\"slideshow_animation\":\"scale\",\"overlay_container\":\"default\",\"overlay_width\":\"xlarge\",\"overlay_parallax_x_start\":\"600\",\"overlay_parallax_x_end\":\"-600\",\"title_style\":\"heading-small\",\"text_align\":\"left\",\"text_align_breakpoint\":\"\",\"text_align_fallback\":\"center\",\"slideshow_autoplay\":true,\"slideshow_velocity\":0.6,\"slidenav_outside_breakpoint\":\"xl\",\"image_width\":\"1920\",\"thumbnav_svg_color\":\"emphasis\",\"slideshow_box_shadow\":\"\",\"slideshow_box_decoration\":\"\",\"slideshow_kenburns\":\"bottom-center\",\"nav_margin\":\"\",\"nav_color\":\"\",\"slidenav_outside_color\":\"\",\"overlay_container_padding\":\"\",\"overlay_margin\":\"\",\"overlay_style\":\"\",\"overlay_padding\":\"\",\"title_decoration\":\"\",\"title_font_family\":\"\",\"title_color\":\"\",\"title_margin\":\"\",\"meta_color\":\"\",\"meta_margin\":\"\",\"content_style\":\"\",\"content_margin\":\"\",\"link_size\":\"\",\"link_margin\":\"\",\"position\":\"\",\"position_z_index\":\"\",\"maxwidth\":\"\",\"maxwidth_breakpoint\":\"\",\"block_align\":\"\",\"block_align_breakpoint\":\"\",\"block_align_fallback\":\"\",\"animation\":\"\",\"visibility\":\"\",\"nav_below\":false,\"nav_vertical\":false,\"link_target\":false,\"title_parallax_x_start\":\"0\",\"title_parallax_y_start\":\"0\",\"position_left\":\"0\",\"position_top\":\"0\"},\"children\":[{\"name\":\"\",\"type\":\"slideshow_item\",\"props\":{\"image\":\"wp-content\\\/uploads\\\/2021\\\/06\\\/web_HDJFotografie_no_logo_2020-a.jpg\",\"title\":\"Spezialisiert auf St\\u00fcckgut- und Sammelguttransporte\",\"thumbnail\":\"wp-content\\\/uploads\\\/2021\\\/06\\\/web_HDJFotografie_no_logo_2020-46-of-111.jpg\",\"text_color\":\"dark\",\"link\":\"diensten\\\/\",\"media_blend_mode\":\"\",\"meta\":\"\",\"link_text\":\"Weiterlesen\",\"content\":\"\"}},{\"name\":\"\",\"type\":\"slideshow_item\",\"props\":{\"image\":\"wp-content\\\/uploads\\\/2020\\\/10\\\/Slideshow-nr2.jpg\",\"title\":\"F\\u00fcr alle Ihre Transporte in ganz Europa \",\"thumbnail\":\"\",\"text_color\":\"dark\",\"link\":\"diensten\\\/\",\"link_text\":\"Weiterlesen\",\"media_blend_mode\":\"\"}},{\"name\":\"\",\"type\":\"slideshow_item\",\"props\":{\"image\":\"wp-content\\\/uploads\\\/2021\\\/06\\\/web_HDJFotografie_no_logo_2020-.jpg\",\"title\":\"Schneller service ohne qualit\\u00e4tsverlust \",\"thumbnail\":\"\",\"text_color\":\"dark\",\"link\":\"diensten\\\/\",\"link_text\":\"Weiterlesen\",\"media_blend_mode\":\"\"}}]}]}]}]},{\"name\":\"About us\",\"type\":\"section\",\"props\":{\"width\":\"default\",\"padding\":\"large\",\"style\":\"default\",\"text_color\":\"\",\"media\":\"\",\"height_viewport\":false,\"header_overlay\":\"light\",\"animation\":\"slide-top-small\",\"padding_remove_top\":false,\"image_size\":\"cover\",\"image_position\":\"center-center\",\"vertical_align\":\"middle\",\"title_position\":\"top-left\",\"title_rotation\":\"left\",\"title_breakpoint\":\"xl\",\"image_effect\":\"\",\"width_expand\":\"\",\"height\":\"\",\"header_transparent\":\"\"},\"children\":[{\"name\":\"\",\"type\":\"row\",\"props\":{\"layout\":\"1-1\",\"breakpoint\":\"m\",\"margin\":\"\",\"fixed_width\":\"large\"},\"children\":[{\"name\":\"\",\"type\":\"column\",\"props\":{\"image_position\":\"center-center\",\"media_overlay_gradient\":\"\"},\"children\":[{\"name\":\"\",\"type\":\"headline\",\"props\":{\"title_element\":\"h2\",\"content\":\"Herzlich willkommen bei LCM Expeditie\",\"text_align\":\"center\",\"text_align_fallback\":\"center\",\"maxwidth\":\"xxlarge\",\"title_style\":\"h1\",\"block_align\":\"center\",\"title_decoration\":\"line\",\"title_font_family\":\"\",\"title_color\":\"\",\"position\":\"\",\"position_z_index\":\"\",\"margin\":\"large\",\"maxwidth_breakpoint\":\"\",\"block_align_breakpoint\":\"\",\"block_align_fallback\":\"\",\"text_align_breakpoint\":\"\",\"animation\":\"\",\"visibility\":\"\"}},{\"type\":\"text\",\"props\":{\"margin\":\"medium\",\"column_breakpoint\":\"m\",\"text_style\":\"\",\"text_color\":\"\",\"text_size\":\"large\",\"column\":\"\",\"position\":\"\",\"position_z_index\":\"\",\"maxwidth\":\"\",\"maxwidth_breakpoint\":\"\",\"block_align\":\"\",\"block_align_breakpoint\":\"\",\"block_align_fallback\":\"\",\"text_align\":\"\",\"text_align_breakpoint\":\"\",\"text_align_fallback\":\"\",\"animation\":\"\",\"visibility\":\"\",\"content\":\"\n\n<p>Bei LCM Expeditie handelt es sich um ein internationales Transportunternehmen, das sich auf verschiedene Transportarten wie den Transport von St\\u00fcckgut, Sammelgut und Komplettladungen konzentriert. Serviceorientierte und schnelle Dienstleistung sind hierbei die wichtigsten Grunds\\u00e4tze. Gerne bieten wir unseren Service und unseren Sachverstand auch f\\u00fcr vom Standardtransport abweichende Transport- und Logistikauftr\\u00e4ge an. Unsere Planer denken \\u201eout of the box\\u201c und stellen sich gerne der Herausforderung, die von Ihnen gew\\u00fcnschten Transporte zu realisieren.<br \\\/>Ein gro\\u00dfer Teil unserer Arbeit besteht aus Transporten von und nach Skandinavien, aber Sie k\\u00f6nnen uns auch mit Transporten in andere L\\u00e4nder beauftragen. Hierbei pflegen wir eine enge Zusammenarbeit mit dem, ebenfalls in Rogat ans\\u00e4ssigen, Unternehmen VDS Transport.<\\\/p>\\n\n\n<p>LCM Expeditie nutzt einen eigenen Fuhrpark bestehend aus Tautlinern und Kofferaufliegern. Diese Fahrzeuge werden von begeisterten niederl\\u00e4ndischen Fahrern und einigen festen Chartern, welche die Vorschriften und Qualit\\u00e4tsanforderungen von LCM Expeditie erf\\u00fcllen, gefahren. Alle Lastkraftwagen sind mit Bordcomputersystemen ausgestattet, sodass die Planer diese jederzeit orten und mit den Fahrern kommunizieren k\\u00f6nnen.<\\\/p>\\n\n\n<p>Da der Kunde bei LCM Expeditie an erster Stelle steht, haben exzellenter Service und eine hohe Transportqualit\\u00e4t h\\u00f6chste Priorit\\u00e4t.<\\\/p>\\n\n\n<p>Sie interessieren sich f\\u00fcr die M\\u00f6glichkeiten? Nehmen Sie <a href=\\\"http:\\\/\\\/wordpress.vdstransport.blkzl.nl\\\/contact\\\/\\\"><u>Kontakt<\\\/u><\\\/a> mit uns auf.<br \\\/>Wir werden Ihre E-Mail schnellstm\\u00f6glich beantworten und unsere Planer stehen Ihnen jederzeit telefonisch zur Verf\\u00fcgung.<\\\/p>\"}},{\"name\":\"\",\"type\":\"button\",\"props\":{\"inline_align\":\"center\",\"margin\":\"medium\",\"animation\":\"slide-bottom-small\",\"text_align\":\"center\",\"grid_column_gap\":\"small\",\"grid_row_gap\":\"small\",\"button_size\":\"\",\"position\":\"\",\"position_z_index\":\"\",\"maxwidth\":\"\",\"maxwidth_breakpoint\":\"\",\"block_align\":\"\",\"block_align_breakpoint\":\"\",\"block_align_fallback\":\"\",\"text_align_breakpoint\":\"\",\"text_align_fallback\":\"\",\"visibility\":\"\"},\"children\":[{\"name\":\"\",\"type\":\"button_item\",\"props\":{\"button_style\":\"text\",\"content\":\"Lesen Sie mehr \\u00fcber unsere dienstleistungen\",\"link\":\"diensten\\\/\",\"link_title\":\"Learn more about us\",\"icon_align\":\"left\",\"link_target\":\"\"}}]}]}]}]},{\"name\":\"Blog\",\"type\":\"section\",\"props\":{\"width\":\"small\",\"padding\":\"large\",\"style\":\"default\",\"animation\":\"fade\",\"image_size\":\"cover\",\"image_position\":\"center-center\",\"vertical_align\":\"middle\",\"title_position\":\"top-left\",\"title_rotation\":\"left\",\"title_breakpoint\":\"xl\",\"image_effect\":\"\"},\"children\":[{\"name\":\"\",\"type\":\"row\",\"props\":{\"fixed_width\":\"large\",\"breakpoint\":\"m\",\"layout\":\"1-1\"},\"children\":[{\"name\":\"\",\"type\":\"column\",\"props\":{\"image_position\":\"center-center\",\"media_overlay_gradient\":\"\"},\"children\":[{\"name\":\"\",\"type\":\"headline\",\"props\":{\"title_element\":\"h3\",\"text_align\":\"center\",\"content\":\"Unsere m\\u00f6glichkeiten\",\"title_style\":\"h3\",\"title_decoration\":\"line\",\"title_color\":\"\",\"text_align_breakpoint\":\"\",\"text_align_fallback\":\"\",\"maxwidth\":\"\",\"maxwidth_breakpoint\":\"\",\"margin\":\"medium\",\"animation\":\"\",\"visibility\":\"\",\"block_align\":\"\",\"title_font_family\":\"\",\"position\":\"\",\"position_z_index\":\"\",\"block_align_breakpoint\":\"\",\"block_align_fallback\":\"\"}},{\"name\":\"\",\"type\":\"grid\",\"props\":{\"show_title\":true,\"show_meta\":true,\"show_content\":true,\"show_image\":true,\"show_link\":true,\"grid_default\":\"1\",\"grid_medium\":\"\",\"title_element\":\"h3\",\"meta_style\":\"meta\",\"meta_align\":\"below-title\",\"icon_ratio\":\"4\",\"image_align\":\"top\",\"image_grid_width\":\"1-2\",\"link_text\":\"Read more\",\"link_style\":\"default\",\"margin\":\"default\",\"image_width\":\"610\",\"image_height\":\"\",\"text_align\":\"center\",\"text_align_breakpoint\":\"s\",\"text_align_fallback\":\"center\",\"grid_small\":\"4\",\"filter_style\":\"tab\",\"filter_all\":true,\"filter_position\":\"top\",\"filter_align\":\"left\",\"filter_grid_width\":\"auto\",\"link_type\":\"content\",\"title_align\":\"top\",\"title_grid_width\":\"1-2\",\"image_svg_color\":\"emphasis\",\"item_animation\":\"\",\"filter_grid_breakpoint\":\"m\",\"title_grid_breakpoint\":\"m\",\"image_grid_breakpoint\":\"m\",\"title_hover_style\":\"reset\",\"grid_column_gap\":\"\",\"grid_row_gap\":\"small\",\"grid_large\":\"\",\"grid_xlarge\":\"\",\"filter_margin\":\"\",\"filter_grid_column_gap\":\"\",\"filter_grid_row_gap\":\"\",\"title_display\":\"\",\"content_display\":\"\",\"panel_style\":\"\",\"panel_content_padding\":\"\",\"panel_size\":\"\",\"item_maxwidth\":\"\",\"title_style\":\"\",\"title_decoration\":\"\",\"title_font_family\":\"\",\"title_color\":\"\",\"title_grid_column_gap\":\"\",\"title_grid_row_gap\":\"\",\"title_margin\":\"\",\"meta_color\":\"\",\"meta_margin\":\"\",\"content_style\":\"\",\"content_margin\":\"\",\"image_transition\":\"\",\"image_border\":\"\",\"image_box_shadow\":\"\",\"image_hover_box_shadow\":\"\",\"image_box_decoration\":\"\",\"icon_color\":\"\",\"image_grid_column_gap\":\"\",\"image_grid_row_gap\":\"\",\"image_margin\":\"\",\"link_size\":\"\",\"link_margin\":\"\",\"position\":\"\",\"position_z_index\":\"\",\"maxwidth\":\"\",\"maxwidth_breakpoint\":\"\",\"block_align\":\"\",\"block_align_breakpoint\":\"\",\"block_align_fallback\":\"\",\"visibility\":\"\",\"filter\":false},\"children\":[{\"name\":\"\",\"type\":\"grid_item\",\"props\":{\"title\":\"D\\u00e4nemark spezialist\",\"link\":\"diensten\\\/#walkingfloor\",\"image\":\"wp-content\\\/uploads\\\/2021\\\/06\\\/lcm-13a.jpg\",\"image_alt\":\"diensten\\\/#walkingfloor\",\"meta\":\"\"}},{\"name\":\"\",\"type\":\"grid_item\",\"props\":{\"title\":\"Schweden spezialist\",\"link\":\"diensten\\\/#containerauto\",\"image\":\"wp-content\\\/uploads\\\/2021\\\/06\\\/lcm-2.jpg\",\"image_alt\":\"diensten\\\/#containerauto\"}},{\"type\":\"grid_item\",\"props\":{\"image\":\"wp-content\\\/uploads\\\/2021\\\/06\\\/Klaas-Bijker-Sollested-2a.jpg\",\"title\":\"Expedition\",\"link\":\"diensten\\\/#tankauto\",\"image_alt\":\"diensten\\\/#tankauto\"}},{\"name\":\"\",\"type\":\"grid_item\",\"props\":{\"title\":\"An- und Umladung\",\"link\":\"lcm-expeditie\\\/\",\"image\":\"wp-content\\\/uploads\\\/2021\\\/06\\\/Naamloos1.jpg\",\"content\":\"\"}}]}]}]}]},{\"type\":\"section\",\"props\":{\"style\":\"default\",\"width\":\"default\",\"vertical_align\":\"middle\",\"title_position\":\"top-left\",\"title_rotation\":\"left\",\"title_breakpoint\":\"xl\",\"image_position\":\"center-center\",\"text_color\":\"\",\"width_expand\":\"\",\"height\":\"\",\"padding\":\"\",\"header_transparent\":\"\",\"animation\":\"\"},\"children\":[{\"type\":\"row\",\"props\":{\"layout\":\"1-1\",\"breakpoint\":\"m\",\"fixed_width\":\"large\",\"column_gap\":\"\",\"row_gap\":\"\",\"width\":\"\",\"width_expand\":\"\",\"height\":\"\",\"margin\":\"\"},\"children\":[{\"type\":\"column\",\"props\":{\"image_position\":\"center-center\",\"media_overlay_gradient\":\"\",\"vertical_align\":\"\",\"style\":\"\",\"text_color\":\"\",\"padding\":\"\"},\"children\":[{\"type\":\"divider\",\"props\":{\"divider_element\":\"hr\",\"divider_style\":\"\",\"divider_align\":\"\",\"divider_align_breakpoint\":\"\",\"divider_align_fallback\":\"\",\"position\":\"\",\"position_z_index\":\"\",\"margin\":\"\",\"maxwidth\":\"\",\"maxwidth_breakpoint\":\"\",\"block_align\":\"\",\"block_align_breakpoint\":\"\",\"block_align_fallback\":\"\",\"animation\":\"\",\"visibility\":\"\"}}]}]}]}],\"version\":\"1.22.8\",\"props\":[]} --><\/p>\n","protected":false},"excerpt":{"rendered":"<p>Spezialisiert auf St\u00fcckgut- und Sammelguttransporte Weiterlesen F\u00fcr alle Ihre Transporte in ganz Europa Weiterlesen Schneller service ohne qualit\u00e4tsverlust Weiterlesen Herzlich willkommen bei LCM Expeditie Bei LCM Expeditie handelt es sich um ein internationales Transportunternehmen, das sich auf verschiedene Transportarten wie den Transport von St\u00fcckgut, Sammelgut und Komplettladungen konzentriert. Serviceorientierte und schnelle Dienstleistung sind hierbei die [&hellip;]<\/p>\n","protected":false},"author":1,"featured_media":0,"parent":0,"menu_order":0,"comment_status":"closed","ping_status":"closed","template":"","meta":[],"yoast_head":"<!-- This site is optimized with the Yoast SEO plugin v20.1 - https:\/\/yoast.com\/wordpress\/plugins\/seo\/ -->\n<title>Homepage - LCM (DE)<\/title>\n<meta name=\"robots\" content=\"noindex, follow, max-snippet:-1, max-image-preview:large, max-video-preview:-1\" \/>\n<meta property=\"og:locale\" content=\"nl_NL\" \/>\n<meta property=\"og:type\" content=\"article\" \/>\n<meta property=\"og:title\" content=\"Homepage - LCM (DE)\" \/>\n<meta property=\"og:description\" content=\"Spezialisiert auf St\u00fcckgut- und Sammelguttransporte Weiterlesen F\u00fcr alle Ihre Transporte in ganz Europa Weiterlesen Schneller service ohne qualit\u00e4tsverlust Weiterlesen Herzlich willkommen bei LCM Expeditie Bei LCM Expeditie handelt es sich um ein internationales Transportunternehmen, das sich auf verschiedene Transportarten wie den Transport von St\u00fcckgut, Sammelgut und Komplettladungen konzentriert. Serviceorientierte und schnelle Dienstleistung sind hierbei die [&hellip;]\" \/>\n<meta property=\"og:url\" content=\"https:\/\/www.lcmexpeditie.nl\/de\/\" \/>\n<meta property=\"og:site_name\" content=\"LCM (DE)\" \/>\n<meta property=\"article:modified_time\" content=\"2021-10-20T10:07:16+00:00\" \/>\n<meta name=\"twitter:card\" content=\"summary_large_image\" \/>\n<meta name=\"twitter:label1\" content=\"Geschatte leestijd\" \/>\n\t<meta name=\"twitter:data1\" content=\"1 minuut\" \/>\n<script type=\"application\/ld+json\" class=\"yoast-schema-graph\">{\"@context\":\"https:\/\/schema.org\",\"@graph\":[{\"@type\":\"WebPage\",\"@id\":\"https:\/\/www.lcmexpeditie.nl\/de\/\",\"url\":\"https:\/\/www.lcmexpeditie.nl\/de\/\",\"name\":\"Homepage - LCM (DE)\",\"isPartOf\":{\"@id\":\"https:\/\/www.lcmexpeditie.nl\/de\/#website\"},\"datePublished\":\"2019-12-03T19:46:47+00:00\",\"dateModified\":\"2021-10-20T10:07:16+00:00\",\"inLanguage\":\"nl\",\"potentialAction\":[{\"@type\":\"ReadAction\",\"target\":[\"https:\/\/www.lcmexpeditie.nl\/de\/\"]}]},{\"@type\":\"WebSite\",\"@id\":\"https:\/\/www.lcmexpeditie.nl\/de\/#website\",\"url\":\"https:\/\/www.lcmexpeditie.nl\/de\/\",\"name\":\"LCM (DE)\",\"description\":\"\",\"potentialAction\":[{\"@type\":\"SearchAction\",\"target\":{\"@type\":\"EntryPoint\",\"urlTemplate\":\"https:\/\/www.lcmexpeditie.nl\/de\/?s={search_term_string}\"},\"query-input\":\"required name=search_term_string\"}],\"inLanguage\":\"nl\"}]}<\/script>\n<!-- \/ Yoast SEO plugin. -->","yoast_head_json":{"title":"Homepage - LCM (DE)","robots":{"index":"noindex","follow":"follow","max-snippet":"max-snippet:-1","max-image-preview":"max-image-preview:large","max-video-preview":"max-video-preview:-1"},"og_locale":"nl_NL","og_type":"article","og_title":"Homepage - LCM (DE)","og_description":"Spezialisiert auf St\u00fcckgut- und Sammelguttransporte Weiterlesen F\u00fcr alle Ihre Transporte in ganz Europa Weiterlesen Schneller service ohne qualit\u00e4tsverlust Weiterlesen Herzlich willkommen bei LCM Expeditie Bei LCM Expeditie handelt es sich um ein internationales Transportunternehmen, das sich auf verschiedene Transportarten wie den Transport von St\u00fcckgut, Sammelgut und Komplettladungen konzentriert. Serviceorientierte und schnelle Dienstleistung sind hierbei die [&hellip;]","og_url":"https:\/\/www.lcmexpeditie.nl\/de\/","og_site_name":"LCM (DE)","article_modified_time":"2021-10-20T10:07:16+00:00","twitter_card":"summary_large_image","twitter_misc":{"Geschatte leestijd":"1 minuut"},"schema":{"@context":"https:\/\/schema.org","@graph":[{"@type":"WebPage","@id":"https:\/\/www.lcmexpeditie.nl\/de\/","url":"https:\/\/www.lcmexpeditie.nl\/de\/","name":"Homepage - LCM (DE)","isPartOf":{"@id":"https:\/\/www.lcmexpeditie.nl\/de\/#website"},"datePublished":"2019-12-03T19:46:47+00:00","dateModified":"2021-10-20T10:07:16+00:00","inLanguage":"nl","potentialAction":[{"@type":"ReadAction","target":["https:\/\/www.lcmexpeditie.nl\/de\/"]}]},{"@type":"WebSite","@id":"https:\/\/www.lcmexpeditie.nl\/de\/#website","url":"https:\/\/www.lcmexpeditie.nl\/de\/","name":"LCM (DE)","description":"","potentialAction":[{"@type":"SearchAction","target":{"@type":"EntryPoint","urlTemplate":"https:\/\/www.lcmexpeditie.nl\/de\/?s={search_term_string}"},"query-input":"required name=search_term_string"}],"inLanguage":"nl"}]}},"_links":{"self":[{"href":"https:\/\/www.lcmexpeditie.nl\/de\/wp-json\/wp\/v2\/pages\/2"}],"collection":[{"href":"https:\/\/www.lcmexpeditie.nl\/de\/wp-json\/wp\/v2\/pages"}],"about":[{"href":"https:\/\/www.lcmexpeditie.nl\/de\/wp-json\/wp\/v2\/types\/page"}],"author":[{"embeddable":true,"href":"https:\/\/www.lcmexpeditie.nl\/de\/wp-json\/wp\/v2\/users\/1"}],"replies":[{"embeddable":true,"href":"https:\/\/www.lcmexpeditie.nl\/de\/wp-json\/wp\/v2\/comments?post=2"}],"version-history":[{"count":157,"href":"https:\/\/www.lcmexpeditie.nl\/de\/wp-json\/wp\/v2\/pages\/2\/revisions"}],"predecessor-version":[{"id":1045,"href":"https:\/\/www.lcmexpeditie.nl\/de\/wp-json\/wp\/v2\/pages\/2\/revisions\/1045"}],"wp:attachment":[{"href":"https:\/\/www.lcmexpeditie.nl\/de\/wp-json\/wp\/v2\/media?parent=2"}],"curies":[{"name":"wp","href":"https:\/\/api.w.org\/{rel}","templated":true}]}}