{"id":132,"date":"2020-02-18T12:53:20","date_gmt":"2020-02-18T12:53:20","guid":{"rendered":"http:\/\/wordpress.vdstransport.blkzl.nl\/?page_id=132"},"modified":"2022-01-12T11:54:14","modified_gmt":"2022-01-12T10:54:14","slug":"lcm-expeditie","status":"publish","type":"page","link":"https:\/\/www.lcmexpeditie.nl\/de\/lcm-expeditie\/","title":{"rendered":"VDS Transport"},"content":{"rendered":"<h1>\n<p style=\"text-align: center;\">VDS Transport<\/p>\n<\/h1>\n<p><img decoding=\"async\" src=\"wp-content\/uploads\/2021\/05\/VDS-logo.jpg\" alt=\"\"><\/p>\n<div>\n<h4>VAN DER SLUIS HANDEL &amp; TRANSPORT<\/h4>\n<\/div>\n<div>\n<p>LCM Expeditie ist eng mit VDS Transport verbunden. Die Unternehmen befinden sich in einem Geb\u00e4ude und haben denselben Direktor, arbeiten aber nach unterschiedlichen Zeitpl\u00e4nen. Van der Sluis Transport ist auf Massengut spezialisiert und f\u00e4hrt wie LCM Expeditie auch viel von und nach Skandinavien. Durch die enge Zusammenarbeit und das \u201eOut of the box\u201c-Denken dieser beiden Unternehmen, sind wir immer bem\u00fcht, gemeinsam eine L\u00f6sung zu finden.\u00a0<\/p>\n<p>F\u00fcr weitere Informationen klicken Sie bitte auf den folgenden Link.<\/p>\n<\/div>\n<p>\n    <a href=\"https:\/\/www.vdstransport.nl\/\">VDS Transport<\/a>\n<\/p>\n<p><!-- {\"name\":\"Portfolio\",\"type\":\"layout\",\"children\":[{\"name\":\"Hero\",\"type\":\"section\",\"props\":{\"style\":\"default\",\"width\":\"large\",\"vertical_align\":\"\",\"title_position\":\"top-left\",\"title_rotation\":\"left\",\"title_breakpoint\":\"xl\",\"image_position\":\"center-center\",\"text_color\":\"\",\"width_expand\":\"\",\"height\":\"\",\"padding\":\"large\",\"header_transparent\":\"\",\"animation\":\"\",\"image_effect\":\"\",\"overlap\":false},\"children\":[{\"name\":\"\",\"type\":\"row\",\"props\":{\"layout\":\"1-1\",\"breakpoint\":\"m\",\"fixed_width\":\"large\",\"width\":\"\",\"width_expand\":\"\",\"height\":\"\",\"margin\":\"\",\"column_gap\":\"\",\"row_gap\":\"\"},\"children\":[{\"name\":\"\",\"type\":\"column\",\"props\":{\"image_position\":\"center-center\",\"vertical_align\":\"\",\"style\":\"\",\"text_color\":\"\",\"padding\":\"\",\"media_overlay_gradient\":\"\"},\"children\":[{\"name\":\"\",\"type\":\"headline\",\"props\":{\"title_element\":\"h1\",\"title_style\":\"heading-medium\",\"title_decoration\":\"line\",\"title_color\":\"\",\"text_align\":\"center\",\"text_align_breakpoint\":\"\",\"text_align_fallback\":\"\",\"maxwidth\":\"\",\"maxwidth_breakpoint\":\"\",\"margin\":\"\",\"animation\":\"parallax\",\"visibility\":\"\",\"content\":\"\n\n<p style=\\\"text-align: center;\\\">VDS Transport<\\\/p>\",\"parallax_breakpoint\":\"m\",\"parallax_y_start\":\"0\",\"parallax_y_end\":\"-75\",\"block_align\":\"\",\"title_font_family\":\"\",\"position\":\"relative\",\"position_z_index\":\"\",\"block_align_breakpoint\":\"\",\"block_align_fallback\":\"\",\"position_top\":\"0\",\"margin_remove_top\":true,\"margin_remove_bottom\":true}}]}]}]},{\"name\":\"Portfolio\",\"type\":\"section\",\"props\":{\"style\":\"default\",\"width\":\"\",\"vertical_align\":\"\",\"title_position\":\"top-left\",\"title_rotation\":\"left\",\"title_breakpoint\":\"xl\",\"image_position\":\"center-center\",\"text_color\":\"\",\"width_expand\":\"left\",\"height\":\"\",\"padding\":\"xlarge\",\"header_transparent\":\"\",\"animation\":\"\",\"padding_remove_top\":true,\"padding_remove_bottom\":false,\"image_effect\":\"\"},\"children\":[{\"name\":\"\",\"type\":\"row\",\"props\":{\"layout\":\"2-3,1-3\",\"breakpoint\":\"l\",\"fixed_width\":\"large\",\"width\":\"default\",\"width_expand\":\"left\",\"height\":\"\",\"margin\":\"\",\"column_gap\":\"collapse\",\"row_gap\":\"collapse\",\"margin_remove_top\":false,\"match\":false},\"children\":[{\"name\":\"\",\"type\":\"column\",\"props\":{\"image_position\":\"center-center\",\"vertical_align\":\"\",\"style\":\"\",\"text_color\":\"\",\"padding\":\"\",\"media_overlay_gradient\":\"\"},\"children\":[{\"name\":\"\",\"type\":\"image\",\"props\":{\"margin\":\"\",\"link_target\":\"\",\"image_border\":\"\",\"image_box_shadow\":\"\",\"image_hover_box_shadow\":\"\",\"image_box_decoration\":\"\",\"text_align\":\"\",\"text_align_breakpoint\":\"\",\"text_align_fallback\":\"\",\"maxwidth\":\"xxlarge\",\"maxwidth_breakpoint\":\"\",\"animation\":\"none\",\"visibility\":\"\",\"container_padding_remove\":true,\"image\":\"wp-content\\\/uploads\\\/2021\\\/05\\\/VDS-logo.jpg\",\"image_width\":\"1140\",\"parallax_breakpoint\":\"\",\"parallax_x_end\":\"0\",\"parallax_x_start\":\"-50\",\"parallax_viewport\":\"0.8\",\"parallax_easing\":\"0.3\",\"image_svg_color\":\"emphasis\",\"block_align\":\"center\",\"position\":\"\",\"position_z_index\":\"\",\"block_align_breakpoint\":\"\",\"block_align_fallback\":\"\",\"link\":\"\",\"position_left\":\"80\"}}]},{\"name\":\"\",\"type\":\"column\",\"props\":{\"image_position\":\"center-center\",\"vertical_align\":\"\",\"style\":\"\",\"text_color\":\"\",\"padding\":\"\",\"media_overlay_gradient\":\"\"},\"children\":[{\"name\":\"\",\"type\":\"headline\",\"props\":{\"title_element\":\"div\",\"title_style\":\"\",\"title_decoration\":\"divider\",\"title_color\":\"\",\"text_align\":\"left\",\"text_align_breakpoint\":\"m\",\"text_align_fallback\":\"center\",\"maxwidth\":\"\",\"maxwidth_breakpoint\":\"\",\"margin\":\"\",\"animation\":\"none\",\"visibility\":\"\",\"content\":\"\n\n<h4><br \\\/>VAN DER SLUIS HANDEL &amp; TRANSPORT<\\\/h4>\",\"parallax_breakpoint\":\"\",\"parallax_x_start\":\"\",\"parallax_x_end\":\"\",\"parallax_easing\":\"\",\"margin_remove_top\":true,\"parallax_y_start\":\"0\",\"parallax_y_end\":\"-50\",\"parallax_opacity_start\":\"\",\"parallax_opacity_end\":\"\",\"parallax_viewport\":\"0.4\",\"block_align\":\"\",\"title_font_family\":\"\",\"position\":\"\",\"position_z_index\":\"\",\"block_align_breakpoint\":\"\",\"block_align_fallback\":\"\",\"margin_remove_bottom\":false}},{\"name\":\"\",\"type\":\"text\",\"props\":{\"margin\":\"medium\",\"column_breakpoint\":\"m\",\"text_style\":\"\",\"text_color\":\"\",\"text_size\":\"large\",\"column\":\"\",\"text_align\":\"\",\"text_align_breakpoint\":\"\",\"text_align_fallback\":\"center\",\"maxwidth\":\"xlarge\",\"maxwidth_breakpoint\":\"l\",\"animation\":\"none\",\"visibility\":\"\",\"content\":\"\n\n<p>LCM Expeditie ist eng mit VDS Transport verbunden. Die Unternehmen befinden sich in einem Geb\\u00e4ude und haben denselben Direktor, arbeiten aber nach unterschiedlichen Zeitpl\\u00e4nen. Van der Sluis Transport ist auf Massengut spezialisiert und f\\u00e4hrt wie LCM Expeditie auch viel von und nach Skandinavien. Durch die enge Zusammenarbeit und das \\u201eOut of the box\\u201c-Denken dieser beiden Unternehmen, sind wir immer bem\\u00fcht, gemeinsam eine L\\u00f6sung zu finden.\\u00a0<\\\/p>\\n\n\n<p>F\\u00fcr weitere Informationen klicken Sie bitte auf den folgenden Link.<\\\/p>\",\"margin_remove_top\":false,\"parallax_breakpoint\":\"\",\"parallax_x_end\":\"0\",\"parallax_x_start\":\"150\",\"parallax_easing\":\"0.3\",\"block_align\":\"\",\"position\":\"relative\",\"position_z_index\":\"\",\"block_align_breakpoint\":\"\",\"block_align_fallback\":\"\",\"position_left\":\"0\",\"margin_remove_bottom\":true}},{\"name\":\"\",\"type\":\"button\",\"props\":{\"margin\":\"\",\"button_size\":\"\",\"text_align\":\"left\",\"text_align_breakpoint\":\"m\",\"text_align_fallback\":\"center\",\"maxwidth\":\"\",\"maxwidth_breakpoint\":\"\",\"animation\":\"none\",\"visibility\":\"\",\"parallax_breakpoint\":\"\",\"parallax_x_start\":\"150\",\"parallax_x_end\":\"0\",\"parallax_easing\":\"0.3\",\"block_align\":\"\",\"grid_column_gap\":\"small\",\"grid_row_gap\":\"small\",\"position\":\"\",\"position_z_index\":\"\",\"block_align_breakpoint\":\"\",\"block_align_fallback\":\"\",\"fullwidth\":false},\"children\":[{\"name\":\"\",\"type\":\"button_item\",\"props\":{\"button_style\":\"text\",\"icon_align\":\"left\",\"link_target\":\"\",\"content\":\"VDS Transport\",\"link\":\"https:\\\/\\\/www.vdstransport.nl\\\/\",\"link_title\":\"VDS Transport\"}}]}]}]}]}],\"version\":\"1.22.8\",\"props\":[]} --><\/p>\n","protected":false},"excerpt":{"rendered":"<p>VDS Transport VAN DER SLUIS HANDEL &amp; TRANSPORT LCM Expeditie ist eng mit VDS Transport verbunden. Die Unternehmen befinden sich in einem Geb\u00e4ude und haben denselben Direktor, arbeiten aber nach unterschiedlichen Zeitpl\u00e4nen. Van der Sluis Transport ist auf Massengut spezialisiert und f\u00e4hrt wie LCM Expeditie auch viel von und nach Skandinavien. Durch die enge Zusammenarbeit [&hellip;]<\/p>\n","protected":false},"author":2,"featured_media":0,"parent":0,"menu_order":0,"comment_status":"closed","ping_status":"closed","template":"","meta":[],"yoast_head":"<!-- This site is optimized with the Yoast SEO plugin v20.1 - https:\/\/yoast.com\/wordpress\/plugins\/seo\/ -->\n<title>VDS Transport - LCM (DE)<\/title>\n<meta name=\"robots\" content=\"noindex, follow, max-snippet:-1, max-image-preview:large, max-video-preview:-1\" \/>\n<meta property=\"og:locale\" content=\"nl_NL\" \/>\n<meta property=\"og:type\" content=\"article\" \/>\n<meta property=\"og:title\" content=\"VDS Transport - LCM (DE)\" \/>\n<meta property=\"og:description\" content=\"VDS Transport VAN DER SLUIS HANDEL &amp; TRANSPORT LCM Expeditie ist eng mit VDS Transport verbunden. Die Unternehmen befinden sich in einem Geb\u00e4ude und haben denselben Direktor, arbeiten aber nach unterschiedlichen Zeitpl\u00e4nen. Van der Sluis Transport ist auf Massengut spezialisiert und f\u00e4hrt wie LCM Expeditie auch viel von und nach Skandinavien. Durch die enge Zusammenarbeit [&hellip;]\" \/>\n<meta property=\"og:url\" content=\"https:\/\/www.lcmexpeditie.nl\/de\/lcm-expeditie\/\" \/>\n<meta property=\"og:site_name\" content=\"LCM (DE)\" \/>\n<meta property=\"article:modified_time\" content=\"2022-01-12T10:54:14+00:00\" \/>\n<meta name=\"twitter:card\" content=\"summary_large_image\" \/>\n<script type=\"application\/ld+json\" class=\"yoast-schema-graph\">{\"@context\":\"https:\/\/schema.org\",\"@graph\":[{\"@type\":\"WebPage\",\"@id\":\"https:\/\/www.lcmexpeditie.nl\/de\/lcm-expeditie\/\",\"url\":\"https:\/\/www.lcmexpeditie.nl\/de\/lcm-expeditie\/\",\"name\":\"VDS Transport - LCM (DE)\",\"isPartOf\":{\"@id\":\"https:\/\/www.lcmexpeditie.nl\/de\/#website\"},\"datePublished\":\"2020-02-18T12:53:20+00:00\",\"dateModified\":\"2022-01-12T10:54:14+00:00\",\"inLanguage\":\"nl\",\"potentialAction\":[{\"@type\":\"ReadAction\",\"target\":[\"https:\/\/www.lcmexpeditie.nl\/de\/lcm-expeditie\/\"]}]},{\"@type\":\"WebSite\",\"@id\":\"https:\/\/www.lcmexpeditie.nl\/de\/#website\",\"url\":\"https:\/\/www.lcmexpeditie.nl\/de\/\",\"name\":\"LCM (DE)\",\"description\":\"\",\"potentialAction\":[{\"@type\":\"SearchAction\",\"target\":{\"@type\":\"EntryPoint\",\"urlTemplate\":\"https:\/\/www.lcmexpeditie.nl\/de\/?s={search_term_string}\"},\"query-input\":\"required name=search_term_string\"}],\"inLanguage\":\"nl\"}]}<\/script>\n<!-- \/ Yoast SEO plugin. -->","yoast_head_json":{"title":"VDS Transport - LCM (DE)","robots":{"index":"noindex","follow":"follow","max-snippet":"max-snippet:-1","max-image-preview":"max-image-preview:large","max-video-preview":"max-video-preview:-1"},"og_locale":"nl_NL","og_type":"article","og_title":"VDS Transport - LCM (DE)","og_description":"VDS Transport VAN DER SLUIS HANDEL &amp; TRANSPORT LCM Expeditie ist eng mit VDS Transport verbunden. Die Unternehmen befinden sich in einem Geb\u00e4ude und haben denselben Direktor, arbeiten aber nach unterschiedlichen Zeitpl\u00e4nen. Van der Sluis Transport ist auf Massengut spezialisiert und f\u00e4hrt wie LCM Expeditie auch viel von und nach Skandinavien. Durch die enge Zusammenarbeit [&hellip;]","og_url":"https:\/\/www.lcmexpeditie.nl\/de\/lcm-expeditie\/","og_site_name":"LCM (DE)","article_modified_time":"2022-01-12T10:54:14+00:00","twitter_card":"summary_large_image","schema":{"@context":"https:\/\/schema.org","@graph":[{"@type":"WebPage","@id":"https:\/\/www.lcmexpeditie.nl\/de\/lcm-expeditie\/","url":"https:\/\/www.lcmexpeditie.nl\/de\/lcm-expeditie\/","name":"VDS Transport - LCM (DE)","isPartOf":{"@id":"https:\/\/www.lcmexpeditie.nl\/de\/#website"},"datePublished":"2020-02-18T12:53:20+00:00","dateModified":"2022-01-12T10:54:14+00:00","inLanguage":"nl","potentialAction":[{"@type":"ReadAction","target":["https:\/\/www.lcmexpeditie.nl\/de\/lcm-expeditie\/"]}]},{"@type":"WebSite","@id":"https:\/\/www.lcmexpeditie.nl\/de\/#website","url":"https:\/\/www.lcmexpeditie.nl\/de\/","name":"LCM (DE)","description":"","potentialAction":[{"@type":"SearchAction","target":{"@type":"EntryPoint","urlTemplate":"https:\/\/www.lcmexpeditie.nl\/de\/?s={search_term_string}"},"query-input":"required name=search_term_string"}],"inLanguage":"nl"}]}},"_links":{"self":[{"href":"https:\/\/www.lcmexpeditie.nl\/de\/wp-json\/wp\/v2\/pages\/132"}],"collection":[{"href":"https:\/\/www.lcmexpeditie.nl\/de\/wp-json\/wp\/v2\/pages"}],"about":[{"href":"https:\/\/www.lcmexpeditie.nl\/de\/wp-json\/wp\/v2\/types\/page"}],"author":[{"embeddable":true,"href":"https:\/\/www.lcmexpeditie.nl\/de\/wp-json\/wp\/v2\/users\/2"}],"replies":[{"embeddable":true,"href":"https:\/\/www.lcmexpeditie.nl\/de\/wp-json\/wp\/v2\/comments?post=132"}],"version-history":[{"count":60,"href":"https:\/\/www.lcmexpeditie.nl\/de\/wp-json\/wp\/v2\/pages\/132\/revisions"}],"predecessor-version":[{"id":1053,"href":"https:\/\/www.lcmexpeditie.nl\/de\/wp-json\/wp\/v2\/pages\/132\/revisions\/1053"}],"wp:attachment":[{"href":"https:\/\/www.lcmexpeditie.nl\/de\/wp-json\/wp\/v2\/media?parent=132"}],"curies":[{"name":"wp","href":"https:\/\/api.w.org\/{rel}","templated":true}]}}